{"id":326,"date":"2020-12-30T21:15:18","date_gmt":"2020-12-30T20:15:18","guid":{"rendered":"http:\/\/turkey-zero-pollution.com\/?page_id=326"},"modified":"2021-04-15T00:17:44","modified_gmt":"2021-04-14T23:17:44","slug":"air","status":"publish","type":"page","link":"https:\/\/turkey-zero-pollution.com\/?page_id=326&lang=fr","title":{"rendered":"Air"},"content":{"rendered":"\n<h1 class=\"wp-block-heading\">Air quality in Turkey<\/h1>\n\n\n\n<h2 class=\"wp-block-heading\">Air quality index (AQI) and PM2.5 air pollution in Turkey<\/h2>\n\n\n\n<p><a href=\"https:\/\/www.iqair.com\/turkey\">https:\/\/www.iqair.com\/turkey<\/a><\/p>\n\n\n\n\n\n\n\n<h2 class=\"wp-block-heading\">Rapport EU for AIR quality <\/h2>\n\n\n\n<p><a href=\"https:\/\/www.eea.europa.eu\/themes\/air\/air-pollution-country-fact-sheets-2014\/turkey-air-pollutant-emissions-country-factsheet\">https:\/\/www.eea.europa.eu\/themes\/air\/air-pollution-country-fact-sheets-2014\/turkey-air-pollutant-emissions-country-factsheet<\/a><\/p>\n\n\n\n\n\n\n\n<h2 class=\"wp-block-heading\"><strong>Rapport OMS &#8211; Qualite air !!!<\/strong><\/h2>\n\n\n\n<p>En 2016, 91% de la population mondiale vivaient dans des endroits o\u00f9 les lignes directrices de l\u2019OMS relatives \u00e0 la qualit\u00e9 de l\u2019air n\u2019\u00e9taient pas respect\u00e9es.<br>En 2016, on estimait \u00e0 4,2 millions le nombre de d\u00e9c\u00e8s pr\u00e9matur\u00e9s provoqu\u00e9s dans le monde par la pollution ambiante (de l\u2019air ext\u00e9rieur) dans les zones urbaines, p\u00e9riurbaines et rurales.<\/p>\n\n\n\n<p>Valeurs recommand\u00e9es<br>Mati\u00e8res particulaires fines (PM2.5)<br>10 \u03bcg\/m3 moyenne annuelle<br>25 \u03bcg\/m3 moyenne sur 24 heures<br>Mati\u00e8res particulaires grossi\u00e8res (PM10)<br>20 \u03bcg\/m3 moyenne annuelle<br>50 \u03bcg\/m3 moyenne sur 24 heures<\/p>\n\n\n\n<p><a href=\"https:\/\/www.who.int\/fr\/news-room\/fact-sheets\/detail\/ambient-(outdoor)-air-quality-and-health\">https:\/\/www.who.int\/fr\/news-room\/fact-sheets\/detail\/ambient-(outdoor)-air-quality-and-health<\/a><\/p>\n","protected":false},"excerpt":{"rendered":"<p>Air quality in Turkey Air quality index (AQI) and PM2.5 air pollution in Turkey https:\/\/www.iqair.com\/turkey Rapport EU for AIR quality https:\/\/www.eea.europa.eu\/themes\/air\/air-pollution-country-fact-sheets-2014\/turkey-air-pollutant-emissions-country-factsheet Rapport OMS &#8211; Qualite air !!! En 2016, 91% de la population mondiale&#46;&#46;&#46;<\/p>\n","protected":false},"author":1,"featured_media":0,"parent":0,"menu_order":0,"comment_status":"closed","ping_status":"closed","template":"","meta":{"footnotes":""},"yst_prominent_words":[],"class_list":["post-326","page","type-page","status-publish","hentry"],"lang":"fr","translations":{"fr":326},"pll_sync_post":[],"_links":{"self":[{"href":"https:\/\/turkey-zero-pollution.com\/index.php?rest_route=\/wp\/v2\/pages\/326","targetHints":{"allow":["GET"]}}],"collection":[{"href":"https:\/\/turkey-zero-pollution.com\/index.php?rest_route=\/wp\/v2\/pages"}],"about":[{"href":"https:\/\/turkey-zero-pollution.com\/index.php?rest_route=\/wp\/v2\/types\/page"}],"author":[{"embeddable":true,"href":"https:\/\/turkey-zero-pollution.com\/index.php?rest_route=\/wp\/v2\/users\/1"}],"replies":[{"embeddable":true,"href":"https:\/\/turkey-zero-pollution.com\/index.php?rest_route=%2Fwp%2Fv2%2Fcomments&post=326"}],"version-history":[{"count":0,"href":"https:\/\/turkey-zero-pollution.com\/index.php?rest_route=\/wp\/v2\/pages\/326\/revisions"}],"wp:attachment":[{"href":"https:\/\/turkey-zero-pollution.com\/index.php?rest_route=%2Fwp%2Fv2%2Fmedia&parent=326"}],"wp:term":[{"taxonomy":"yst_prominent_words","embeddable":true,"href":"https:\/\/turkey-zero-pollution.com\/index.php?rest_route=%2Fwp%2Fv2%2Fyst_prominent_words&post=326"}],"curies":[{"name":"wp","href":"https:\/\/api.w.org\/{rel}","templated":true}]}}