{"id":180,"date":"2020-12-26T01:25:06","date_gmt":"2020-12-26T00:25:06","guid":{"rendered":"http:\/\/turkey-zero-pollution.com\/?page_id=180"},"modified":"2021-03-24T18:17:03","modified_gmt":"2021-03-24T17:17:03","slug":"contact","status":"publish","type":"page","link":"https:\/\/turkey-zero-pollution.com\/?page_id=180&lang=fr","title":{"rendered":"Contact"},"content":{"rendered":"<p><span class=\"VIiyi\" lang=\"tr\"><span class=\"JLqJ4b ChMk0b\" data-language-for-alternatives=\"tr\" data-language-to-translate-into=\"fr\" data-phrase-index=\"0\">Merhaba, Organizasyonumuzu olu\u015fturma s\u00fcrecindeyiz.<\/span> <span class=\"JLqJ4b ChMk0b\" data-language-for-alternatives=\"tr\" data-language-to-translate-into=\"fr\" data-phrase-index=\"1\">Hedeflerimizi ifade etmek istiyoruz.<\/span> <span class=\"JLqJ4b ChMk0b\" data-language-for-alternatives=\"tr\" data-language-to-translate-into=\"fr\" data-phrase-index=\"3\">E-POSTA G\u00d6NDERIP B\u0130ZE YAZAB\u0130L\u0130RS\u0130N\u0130Z.<\/span> <a href=\"mailto:Turkey.zeropollution@gmail.com\"><span class=\"JLqJ4b ChMk0b\" data-language-for-alternatives=\"tr\" data-language-to-translate-into=\"fr\" data-phrase-index=\"5\">Turkey.zeropollution@gmail.com<\/span><\/a><\/span><\/p>\n<p>&#8211;<\/p>\n<p><span class=\"VIiyi\" lang=\"en\"><span class=\"JLqJ4b ChMk0b\" data-language-for-alternatives=\"en\" data-language-to-translate-into=\"fr\" data-phrase-index=\"0\">Hello, We are in the process of creating our organization.<\/span> <span class=\"JLqJ4b ChMk0b\" data-language-for-alternatives=\"en\" data-language-to-translate-into=\"fr\" data-phrase-index=\"1\">We want to express our goals.<\/span> <span class=\"JLqJ4b ChMk0b\" data-language-for-alternatives=\"en\" data-language-to-translate-into=\"fr\" data-phrase-index=\"3\">You can WRITE TO US by SENDING an EMAIL.<\/span> <a href=\"mailto:Turkey.zeropollution@gmail.com\"><span class=\"JLqJ4b ChMk0b\" data-language-for-alternatives=\"en\" data-language-to-translate-into=\"fr\" data-phrase-index=\"5\">Turkey.zeropollution@gmail.com<\/span><\/a><\/span><\/p>\n<p>&#8211;<\/p>\n<p>Bonjour, Nous somme en cours de creation de notre organisation. Nous voulons exprimer nos objectifs.<br \/>\nVous pouvez NOUS ECRIRE en ENVOYANT un MAIL.<\/p>\n<p><a href=\"mailto:Turkey.zeropollution@gmail.com\">Turkey.zeropollution@gmail.com<\/a><\/p>\n<ul>\n<li>Turkey-Zero-Pollution Belgium : Tel :<\/li>\n<li><\/li>\n<li>Turkey-Zero-Pollution France : Paris Tel : +33 753 90 10 19<\/li>\n<li><\/li>\n<li>Turkey-Zero-Pollution Holland : Tel:<\/li>\n<li><\/li>\n<li>Turkey-Zero-Pollution Swiss : Lausanne Tel : +41 77 974 2055<\/li>\n<li><\/li>\n<li>Turkey-Zero-Pollution Turkey : Tel :<\/li>\n<li><\/li>\n<li>Turkey-Zero-Pollution\u00a0 Luxembourg &#8211; Tel :<\/li>\n<li><\/li>\n<li>Turkey-Zero-Pollution <span class=\"VIiyi\" lang=\"en\"><span class=\"JLqJ4b ChMk0b\" data-language-for-alternatives=\"en\" data-language-to-translate-into=\"fr\" data-phrase-index=\"12\">Germany : Tel<\/span><\/span><\/li>\n<\/ul>\n","protected":false},"excerpt":{"rendered":"<p>Merhaba, Organizasyonumuzu olu\u015fturma s\u00fcrecindeyiz. Hedeflerimizi ifade etmek istiyoruz. E-POSTA G\u00d6NDERIP B\u0130ZE YAZAB\u0130L\u0130RS\u0130N\u0130Z. Turkey.zeropollution@gmail.com &#8211; Hello, We are in the process of creating our organization. We want to express our goals. You can WRITE TO&#46;&#46;&#46;<\/p>\n","protected":false},"author":1,"featured_media":0,"parent":0,"menu_order":0,"comment_status":"closed","ping_status":"closed","template":"","meta":{"footnotes":""},"yst_prominent_words":[],"class_list":["post-180","page","type-page","status-publish","hentry"],"lang":"fr","translations":{"fr":180},"pll_sync_post":[],"_links":{"self":[{"href":"https:\/\/turkey-zero-pollution.com\/index.php?rest_route=\/wp\/v2\/pages\/180","targetHints":{"allow":["GET"]}}],"collection":[{"href":"https:\/\/turkey-zero-pollution.com\/index.php?rest_route=\/wp\/v2\/pages"}],"about":[{"href":"https:\/\/turkey-zero-pollution.com\/index.php?rest_route=\/wp\/v2\/types\/page"}],"author":[{"embeddable":true,"href":"https:\/\/turkey-zero-pollution.com\/index.php?rest_route=\/wp\/v2\/users\/1"}],"replies":[{"embeddable":true,"href":"https:\/\/turkey-zero-pollution.com\/index.php?rest_route=%2Fwp%2Fv2%2Fcomments&post=180"}],"version-history":[{"count":0,"href":"https:\/\/turkey-zero-pollution.com\/index.php?rest_route=\/wp\/v2\/pages\/180\/revisions"}],"wp:attachment":[{"href":"https:\/\/turkey-zero-pollution.com\/index.php?rest_route=%2Fwp%2Fv2%2Fmedia&parent=180"}],"wp:term":[{"taxonomy":"yst_prominent_words","embeddable":true,"href":"https:\/\/turkey-zero-pollution.com\/index.php?rest_route=%2Fwp%2Fv2%2Fyst_prominent_words&post=180"}],"curies":[{"name":"wp","href":"https:\/\/api.w.org\/{rel}","templated":true}]}}